{"id":3006,"date":"2024-09-27T00:51:09","date_gmt":"2024-09-27T00:51:09","guid":{"rendered":"https:\/\/pardismotoroil.com\/?post_type=product&#038;p=3006"},"modified":"2025-01-18T14:24:40","modified_gmt":"2025-01-18T14:24:40","slug":"hydrualic-oil-hh22","status":"publish","type":"product","link":"https:\/\/pardismotoroil.com\/fr\/produit\/hydrualic-oil-hh22\/","title":{"rendered":"HYDRUALIC OIL HH22"},"content":{"rendered":"<p>L&rsquo;huile hydraulique Pana est produite \u00e0 partir d&rsquo;une combinaison d&rsquo;huile de base de haute qualit\u00e9 et d&rsquo;additifs sp\u00e9ciaux pour une utilisation dans les syst\u00e8mes hydrauliques. Parmi les caract\u00e9ristiques importantes de ce lubrifiant figurent une excellente r\u00e9sistance \u00e0 l&rsquo;oxydation, des propri\u00e9t\u00e9s anti-usure, une r\u00e9sistance \u00e0 la corrosion et \u00e0 la rouille, et la pr\u00e9vention de la formation de mousse stable.<\/p>\n<p>&nbsp;<\/p>\n<p>Application: Ce produit peut \u00eatre utilis\u00e9 dans les syst\u00e8mes hydrauliques en fonction du niveau de qualit\u00e9 recommand\u00e9 par le fabricant.<\/p>\n","protected":false},"excerpt":{"rendered":"<p>L&rsquo;huile hydraulique Pana est produite \u00e0 partir d&rsquo;une combinaison d&rsquo;huile de base de haute qualit\u00e9 et d&rsquo;additifs sp\u00e9ciaux pour une utilisation dans les syst\u00e8mes hydrauliques. Parmi les caract\u00e9ristiques importantes de ce lubrifiant figurent une excellente r\u00e9sistance \u00e0 l&rsquo;oxydation, des propri\u00e9t\u00e9s anti-usure, une r\u00e9sistance \u00e0 la corrosion et \u00e0 la rouille, et la pr\u00e9vention de la [&hellip;]<\/p>\n","protected":false},"featured_media":1885,"comment_status":"open","ping_status":"closed","template":"","meta":[],"product_brand":[],"product_cat":[78,77],"product_tag":[],"class_list":{"0":"post-3006","1":"product","2":"type-product","3":"status-publish","4":"has-post-thumbnail","6":"product_cat-huile-moteur","7":"product_cat-huiles-hydrauliques","9":"first","10":"instock","11":"shipping-taxable","12":"product-type-simple"},"_links":{"self":[{"href":"https:\/\/pardismotoroil.com\/fr\/wp-json\/wp\/v2\/product\/3006","targetHints":{"allow":["GET"]}}],"collection":[{"href":"https:\/\/pardismotoroil.com\/fr\/wp-json\/wp\/v2\/product"}],"about":[{"href":"https:\/\/pardismotoroil.com\/fr\/wp-json\/wp\/v2\/types\/product"}],"replies":[{"embeddable":true,"href":"https:\/\/pardismotoroil.com\/fr\/wp-json\/wp\/v2\/comments?post=3006"}],"wp:featuredmedia":[{"embeddable":true,"href":"https:\/\/pardismotoroil.com\/fr\/wp-json\/wp\/v2\/media\/1885"}],"wp:attachment":[{"href":"https:\/\/pardismotoroil.com\/fr\/wp-json\/wp\/v2\/media?parent=3006"}],"wp:term":[{"taxonomy":"product_brand","embeddable":true,"href":"https:\/\/pardismotoroil.com\/fr\/wp-json\/wp\/v2\/product_brand?post=3006"},{"taxonomy":"product_cat","embeddable":true,"href":"https:\/\/pardismotoroil.com\/fr\/wp-json\/wp\/v2\/product_cat?post=3006"},{"taxonomy":"product_tag","embeddable":true,"href":"https:\/\/pardismotoroil.com\/fr\/wp-json\/wp\/v2\/product_tag?post=3006"}],"curies":[{"name":"wp","href":"https:\/\/api.w.org\/{rel}","templated":true}]}}