{"id":3005,"date":"2024-09-27T00:51:10","date_gmt":"2024-09-27T00:51:10","guid":{"rendered":"https:\/\/pardismotoroil.com\/?post_type=product&#038;p=3005"},"modified":"2025-01-18T14:24:02","modified_gmt":"2025-01-18T14:24:02","slug":"hydrualic-oil-hl46","status":"publish","type":"product","link":"https:\/\/pardismotoroil.com\/fr\/produit\/hydrualic-oil-hl46\/","title":{"rendered":"HYDRUALIC OIL HL46"},"content":{"rendered":"<p>Cette huile est produite \u00e0 l&rsquo;aide d&rsquo;une huile de base de haute qualit\u00e9 et d&rsquo;excellents additifs aux propri\u00e9t\u00e9s anti-oxydation et anti-corrosion. Elle est recommand\u00e9e pour une utilisation dans des syst\u00e8mes pour lesquels le niveau de qualit\u00e9 ci-dessus est recommand\u00e9. Une excellente r\u00e9sistance \u00e0 l&rsquo;oxydation, la pr\u00e9vention de l&rsquo;usure des pi\u00e8ces, la s\u00e9parabilit\u00e9 de l&rsquo;eau, la protection contre la corrosion et la rouille sont d&rsquo;autres caract\u00e9ristiques de cette huile.<\/p>\n<p>&nbsp;<\/p>\n<p><strong>Application:<\/strong>\u00a0Ce produit peut \u00eatre utilis\u00e9 dans les syst\u00e8mes hydrauliques en fonction du niveau de qualit\u00e9 recommand\u00e9 par le fabricant.<\/p>\n","protected":false},"excerpt":{"rendered":"<p>Cette huile est produite \u00e0 l&rsquo;aide d&rsquo;une huile de base de haute qualit\u00e9 et d&rsquo;excellents additifs aux propri\u00e9t\u00e9s anti-oxydation et anti-corrosion. Elle est recommand\u00e9e pour une utilisation dans des syst\u00e8mes pour lesquels le niveau de qualit\u00e9 ci-dessus est recommand\u00e9. Une excellente r\u00e9sistance \u00e0 l&rsquo;oxydation, la pr\u00e9vention de l&rsquo;usure des pi\u00e8ces, la s\u00e9parabilit\u00e9 de l&rsquo;eau, la [&hellip;]<\/p>\n","protected":false},"featured_media":1902,"comment_status":"open","ping_status":"closed","template":"","meta":[],"product_brand":[],"product_cat":[78,77],"product_tag":[],"class_list":{"0":"post-3005","1":"product","2":"type-product","3":"status-publish","4":"has-post-thumbnail","6":"product_cat-huile-moteur","7":"product_cat-huiles-hydrauliques","9":"first","10":"instock","11":"shipping-taxable","12":"product-type-simple"},"_links":{"self":[{"href":"https:\/\/pardismotoroil.com\/fr\/wp-json\/wp\/v2\/product\/3005","targetHints":{"allow":["GET"]}}],"collection":[{"href":"https:\/\/pardismotoroil.com\/fr\/wp-json\/wp\/v2\/product"}],"about":[{"href":"https:\/\/pardismotoroil.com\/fr\/wp-json\/wp\/v2\/types\/product"}],"replies":[{"embeddable":true,"href":"https:\/\/pardismotoroil.com\/fr\/wp-json\/wp\/v2\/comments?post=3005"}],"wp:featuredmedia":[{"embeddable":true,"href":"https:\/\/pardismotoroil.com\/fr\/wp-json\/wp\/v2\/media\/1902"}],"wp:attachment":[{"href":"https:\/\/pardismotoroil.com\/fr\/wp-json\/wp\/v2\/media?parent=3005"}],"wp:term":[{"taxonomy":"product_brand","embeddable":true,"href":"https:\/\/pardismotoroil.com\/fr\/wp-json\/wp\/v2\/product_brand?post=3005"},{"taxonomy":"product_cat","embeddable":true,"href":"https:\/\/pardismotoroil.com\/fr\/wp-json\/wp\/v2\/product_cat?post=3005"},{"taxonomy":"product_tag","embeddable":true,"href":"https:\/\/pardismotoroil.com\/fr\/wp-json\/wp\/v2\/product_tag?post=3005"}],"curies":[{"name":"wp","href":"https:\/\/api.w.org\/{rel}","templated":true}]}}