{"id":3004,"date":"2024-09-27T00:51:11","date_gmt":"2024-09-27T00:51:11","guid":{"rendered":"https:\/\/pardismotoroil.com\/?post_type=product&#038;p=3004"},"modified":"2025-01-18T14:33:14","modified_gmt":"2025-01-18T14:33:14","slug":"hhydrualic-oil-hl68","status":"publish","type":"product","link":"https:\/\/pardismotoroil.com\/fr\/produit\/hhydrualic-oil-hl68\/","title":{"rendered":"HYDRUALIC OIL HL68"},"content":{"rendered":"<p>Cette huile hydraulique est un lubrifiant de haute qualit\u00e9 qui est produit dans la raffinerie de la soci\u00e9t\u00e9 de l&rsquo;huile Pardis par une huile de base de haute qualit\u00e9 et des additifs hydrauliques sp\u00e9ciaux. Dans des syst\u00e8mes soumis \u00e0 des changements thermiques \u00e9lev\u00e9s une huile hydraulique de haute qualit\u00e9 est n\u00e9cessaire. Sont utilis\u00e9s. Cette huile a un grade de 68 et un niveau de qualit\u00e9 HL et a \u00e9galement un indice de viscosit\u00e9 d&rsquo;au moins 95 qui r\u00e9siste aux hautes temp\u00e9ratures et a une tr\u00e8s bonne stabilit\u00e9 thermique. La r\u00e9sistance \u00e0 l&rsquo;oxydation, la pr\u00e9vention de la corrosion et de l&rsquo;usure des pi\u00e8ces, la pr\u00e9vention de la formation de mousse stable et la s\u00e9parabilit\u00e9 de l&rsquo;eau sont des caract\u00e9ristiques tr\u00e8s importantes de ce produit.<\/p>\n<p><strong>Application:<\/strong>\u00a0ce produit peut \u00eatre utilis\u00e9 dans les syst\u00e8mes hydrauliques en fonction du niveau de qualit\u00e9 recommand\u00e9 par le fabricant.<\/p>\n","protected":false},"excerpt":{"rendered":"<p>Cette huile hydraulique est un lubrifiant de haute qualit\u00e9 qui est produit dans la raffinerie de la soci\u00e9t\u00e9 de l&rsquo;huile Pardis par une huile de base de haute qualit\u00e9 et des additifs hydrauliques sp\u00e9ciaux. Dans des syst\u00e8mes soumis \u00e0 des changements thermiques \u00e9lev\u00e9s une huile hydraulique de haute qualit\u00e9 est n\u00e9cessaire. Sont utilis\u00e9s. Cette huile [&hellip;]<\/p>\n","protected":false},"featured_media":1918,"comment_status":"open","ping_status":"closed","template":"","meta":[],"product_brand":[],"product_cat":[78,77],"product_tag":[],"class_list":{"0":"post-3004","1":"product","2":"type-product","3":"status-publish","4":"has-post-thumbnail","6":"product_cat-huile-moteur","7":"product_cat-huiles-hydrauliques","9":"first","10":"instock","11":"shipping-taxable","12":"product-type-simple"},"_links":{"self":[{"href":"https:\/\/pardismotoroil.com\/fr\/wp-json\/wp\/v2\/product\/3004","targetHints":{"allow":["GET"]}}],"collection":[{"href":"https:\/\/pardismotoroil.com\/fr\/wp-json\/wp\/v2\/product"}],"about":[{"href":"https:\/\/pardismotoroil.com\/fr\/wp-json\/wp\/v2\/types\/product"}],"replies":[{"embeddable":true,"href":"https:\/\/pardismotoroil.com\/fr\/wp-json\/wp\/v2\/comments?post=3004"}],"wp:featuredmedia":[{"embeddable":true,"href":"https:\/\/pardismotoroil.com\/fr\/wp-json\/wp\/v2\/media\/1918"}],"wp:attachment":[{"href":"https:\/\/pardismotoroil.com\/fr\/wp-json\/wp\/v2\/media?parent=3004"}],"wp:term":[{"taxonomy":"product_brand","embeddable":true,"href":"https:\/\/pardismotoroil.com\/fr\/wp-json\/wp\/v2\/product_brand?post=3004"},{"taxonomy":"product_cat","embeddable":true,"href":"https:\/\/pardismotoroil.com\/fr\/wp-json\/wp\/v2\/product_cat?post=3004"},{"taxonomy":"product_tag","embeddable":true,"href":"https:\/\/pardismotoroil.com\/fr\/wp-json\/wp\/v2\/product_tag?post=3004"}],"curies":[{"name":"wp","href":"https:\/\/api.w.org\/{rel}","templated":true}]}}