{"id":3000,"date":"2024-09-27T00:51:14","date_gmt":"2024-09-27T00:51:14","guid":{"rendered":"https:\/\/pardismotoroil.com\/?post_type=product&#038;p=3000"},"modified":"2025-01-18T14:18:30","modified_gmt":"2025-01-18T14:18:30","slug":"base-oil-sn350","status":"publish","type":"product","link":"https:\/\/pardismotoroil.com\/fr\/produit\/base-oil-sn350\/","title":{"rendered":"BASE OIL (SN350)"},"content":{"rendered":"<p>Les huiles de base sont le principal composant des lubrifiants qui, apr\u00e8s l&rsquo;ajout d&rsquo;additifs, permettent d&rsquo;obtenir le lubrifiant final. Les huiles de base sont le composant le plus important des lubrifiants en termes de volume. L&rsquo;huile de base Pana (de diff\u00e9rentes qualit\u00e9s telles que SN150, SN350, SN500) est produite en utilisant la derni\u00e8re technologie dans la raffinerie de la soci\u00e9t\u00e9 Pardis.<\/p>\n<p>Ces huiles, ayant diverses applications dans l&rsquo;industrie, sont utilis\u00e9es dans la formulation de divers types d&rsquo;huiles pour moteurs \u00e0 essence et \u00e0 diesel, de divers types d&rsquo;huiles pour engrenages et de lubrifiants industriels. L&rsquo;huile de base de la soci\u00e9t\u00e9 Pardis est produite et fournie dans divers emballages en vrac, baril, flexi et IBC.<\/p>\n","protected":false},"excerpt":{"rendered":"<p>Les huiles de base sont le principal composant des lubrifiants qui, apr\u00e8s l&rsquo;ajout d&rsquo;additifs, permettent d&rsquo;obtenir le lubrifiant final. Les huiles de base sont le composant le plus important des lubrifiants en termes de volume. L&rsquo;huile de base Pana (de diff\u00e9rentes qualit\u00e9s telles que SN150, SN350, SN500) est produite en utilisant la derni\u00e8re technologie dans [&hellip;]<\/p>\n","protected":false},"featured_media":0,"comment_status":"open","ping_status":"closed","template":"","meta":[],"product_brand":[],"product_cat":[83],"product_tag":[],"class_list":{"0":"post-3000","1":"product","2":"type-product","3":"status-publish","5":"product_cat-huile-moteur-bateau-fr","7":"first","8":"instock","9":"shipping-taxable","10":"product-type-simple"},"_links":{"self":[{"href":"https:\/\/pardismotoroil.com\/fr\/wp-json\/wp\/v2\/product\/3000","targetHints":{"allow":["GET"]}}],"collection":[{"href":"https:\/\/pardismotoroil.com\/fr\/wp-json\/wp\/v2\/product"}],"about":[{"href":"https:\/\/pardismotoroil.com\/fr\/wp-json\/wp\/v2\/types\/product"}],"replies":[{"embeddable":true,"href":"https:\/\/pardismotoroil.com\/fr\/wp-json\/wp\/v2\/comments?post=3000"}],"wp:attachment":[{"href":"https:\/\/pardismotoroil.com\/fr\/wp-json\/wp\/v2\/media?parent=3000"}],"wp:term":[{"taxonomy":"product_brand","embeddable":true,"href":"https:\/\/pardismotoroil.com\/fr\/wp-json\/wp\/v2\/product_brand?post=3000"},{"taxonomy":"product_cat","embeddable":true,"href":"https:\/\/pardismotoroil.com\/fr\/wp-json\/wp\/v2\/product_cat?post=3000"},{"taxonomy":"product_tag","embeddable":true,"href":"https:\/\/pardismotoroil.com\/fr\/wp-json\/wp\/v2\/product_tag?post=3000"}],"curies":[{"name":"wp","href":"https:\/\/api.w.org\/{rel}","templated":true}]}}