{"id":2998,"date":"2024-09-27T00:51:16","date_gmt":"2024-09-27T00:51:16","guid":{"rendered":"https:\/\/pardismotoroil.com\/?post_type=product&#038;p=2998"},"modified":"2025-01-18T14:15:39","modified_gmt":"2025-01-18T14:15:39","slug":"gear-oil-110-gl1","status":"publish","type":"product","link":"https:\/\/pardismotoroil.com\/fr\/produit\/gear-oil-110-gl1\/","title":{"rendered":"GEAR OIL 110 GL1"},"content":{"rendered":"<p>L&rsquo;huile pour engrenages Pana est produite \u00e0 l&rsquo;aide d&rsquo;une huile de base de haute qualit\u00e9 et d&rsquo;additifs sp\u00e9ciaux pour une utilisation dans la bo\u00eete de vitesses des v\u00e9hicules qui fonctionnent dans des conditions de fonctionnement douces et des vitesses de glissement faibles. Cette huile pour engrenages est utilis\u00e9e dans les syst\u00e8mes de bo\u00eetes de vitesses non automatiques (manuelles) selon les recommandations de leurs fabricants. Ce lubrifiant r\u00e9duit consid\u00e9rablement l&rsquo;usure et la corrosion des engrenages de voiture. Une excellente stabilit\u00e9 contre la r\u00e9duction de la viscosit\u00e9 et une excellente protection contre la corrosion et la rouille font partie des caract\u00e9ristiques de cette huile.<\/p>\n<p><strong>\u00a0<\/strong><\/p>\n<p><strong>Application:<\/strong>\u00a0Ce produit peut \u00eatre utilis\u00e9 dans des syst\u00e8mes de bo\u00eete de vitesses non automatiques en fonction du niveau de qualit\u00e9 recommand\u00e9 par le constructeur automobile.<\/p>\n","protected":false},"excerpt":{"rendered":"<p>L&rsquo;huile pour engrenages Pana est produite \u00e0 l&rsquo;aide d&rsquo;une huile de base de haute qualit\u00e9 et d&rsquo;additifs sp\u00e9ciaux pour une utilisation dans la bo\u00eete de vitesses des v\u00e9hicules qui fonctionnent dans des conditions de fonctionnement douces et des vitesses de glissement faibles. Cette huile pour engrenages est utilis\u00e9e dans les syst\u00e8mes de bo\u00eetes de vitesses [&hellip;]<\/p>\n","protected":false},"featured_media":1852,"comment_status":"open","ping_status":"closed","template":"","meta":[],"product_brand":[],"product_cat":[],"product_tag":[],"class_list":{"0":"post-2998","1":"product","2":"type-product","3":"status-publish","4":"has-post-thumbnail","7":"first","8":"instock","9":"shipping-taxable","10":"product-type-simple"},"_links":{"self":[{"href":"https:\/\/pardismotoroil.com\/fr\/wp-json\/wp\/v2\/product\/2998","targetHints":{"allow":["GET"]}}],"collection":[{"href":"https:\/\/pardismotoroil.com\/fr\/wp-json\/wp\/v2\/product"}],"about":[{"href":"https:\/\/pardismotoroil.com\/fr\/wp-json\/wp\/v2\/types\/product"}],"replies":[{"embeddable":true,"href":"https:\/\/pardismotoroil.com\/fr\/wp-json\/wp\/v2\/comments?post=2998"}],"wp:featuredmedia":[{"embeddable":true,"href":"https:\/\/pardismotoroil.com\/fr\/wp-json\/wp\/v2\/media\/1852"}],"wp:attachment":[{"href":"https:\/\/pardismotoroil.com\/fr\/wp-json\/wp\/v2\/media?parent=2998"}],"wp:term":[{"taxonomy":"product_brand","embeddable":true,"href":"https:\/\/pardismotoroil.com\/fr\/wp-json\/wp\/v2\/product_brand?post=2998"},{"taxonomy":"product_cat","embeddable":true,"href":"https:\/\/pardismotoroil.com\/fr\/wp-json\/wp\/v2\/product_cat?post=2998"},{"taxonomy":"product_tag","embeddable":true,"href":"https:\/\/pardismotoroil.com\/fr\/wp-json\/wp\/v2\/product_tag?post=2998"}],"curies":[{"name":"wp","href":"https:\/\/api.w.org\/{rel}","templated":true}]}}