{"id":2996,"date":"2024-09-27T00:51:17","date_gmt":"2024-09-27T00:51:17","guid":{"rendered":"https:\/\/pardismotoroil.com\/?post_type=product&#038;p=2996"},"modified":"2025-01-18T14:13:55","modified_gmt":"2025-01-18T14:13:55","slug":"gear-oil-80w90-gl4","status":"publish","type":"product","link":"https:\/\/pardismotoroil.com\/fr\/produit\/gear-oil-80w90-gl4\/","title":{"rendered":"GEAR OIL 80W90 GL4"},"content":{"rendered":"<p>Cette huile pour engrenages est produite \u00e0 partir d&rsquo;une combinaison d&rsquo;huile de base de haute qualit\u00e9 et d&rsquo;additifs sp\u00e9ciaux de la soci\u00e9t\u00e9 Pardis. Ce produit a une excellente capacit\u00e9 de charge. En effet, il est utilis\u00e9 pour lubrifier le syst\u00e8me de transmission manuelle (bo\u00eete de vitesses et diff\u00e9rentiel) de tous les types de v\u00e9hicules \u00e0 essence et \u00e0 diesel qui fonctionnent dans des conditions difficiles et des temp\u00e9ratures \u00e9lev\u00e9es, selon les recommandations du fabricant. La stabilit\u00e9 thermique et la r\u00e9sistance \u00e0 l&rsquo;oxydation optimale, une bonne dur\u00e9e de fonctionnement, d\u2019excellentes propri\u00e9t\u00e9s anti-abrasion, une excellente protection contre la corrosion et la rouille et une excellente stabilit\u00e9 contre la r\u00e9duction de la viscosit\u00e9 des propri\u00e9t\u00e9s de cette huile font partie des caract\u00e9ristique de cette huile.<\/p>\n<p><strong>\u00a0<\/strong><\/p>\n<p><strong>Application:<\/strong>\u00a0Ce produit peut \u00eatre utilis\u00e9 dans des syst\u00e8mes de bo\u00eete de vitesses non automatiques en fonction du niveau de qualit\u00e9 recommand\u00e9 par le constructeur automobile.<\/p>\n","protected":false},"excerpt":{"rendered":"<p>Cette huile pour engrenages est produite \u00e0 partir d&rsquo;une combinaison d&rsquo;huile de base de haute qualit\u00e9 et d&rsquo;additifs sp\u00e9ciaux de la soci\u00e9t\u00e9 Pardis. Ce produit a une excellente capacit\u00e9 de charge. En effet, il est utilis\u00e9 pour lubrifier le syst\u00e8me de transmission manuelle (bo\u00eete de vitesses et diff\u00e9rentiel) de tous les types de v\u00e9hicules \u00e0 [&hellip;]<\/p>\n","protected":false},"featured_media":1802,"comment_status":"open","ping_status":"closed","template":"","meta":[],"product_brand":[],"product_cat":[],"product_tag":[],"class_list":{"0":"post-2996","1":"product","2":"type-product","3":"status-publish","4":"has-post-thumbnail","7":"first","8":"instock","9":"shipping-taxable","10":"product-type-simple"},"_links":{"self":[{"href":"https:\/\/pardismotoroil.com\/fr\/wp-json\/wp\/v2\/product\/2996","targetHints":{"allow":["GET"]}}],"collection":[{"href":"https:\/\/pardismotoroil.com\/fr\/wp-json\/wp\/v2\/product"}],"about":[{"href":"https:\/\/pardismotoroil.com\/fr\/wp-json\/wp\/v2\/types\/product"}],"replies":[{"embeddable":true,"href":"https:\/\/pardismotoroil.com\/fr\/wp-json\/wp\/v2\/comments?post=2996"}],"wp:featuredmedia":[{"embeddable":true,"href":"https:\/\/pardismotoroil.com\/fr\/wp-json\/wp\/v2\/media\/1802"}],"wp:attachment":[{"href":"https:\/\/pardismotoroil.com\/fr\/wp-json\/wp\/v2\/media?parent=2996"}],"wp:term":[{"taxonomy":"product_brand","embeddable":true,"href":"https:\/\/pardismotoroil.com\/fr\/wp-json\/wp\/v2\/product_brand?post=2996"},{"taxonomy":"product_cat","embeddable":true,"href":"https:\/\/pardismotoroil.com\/fr\/wp-json\/wp\/v2\/product_cat?post=2996"},{"taxonomy":"product_tag","embeddable":true,"href":"https:\/\/pardismotoroil.com\/fr\/wp-json\/wp\/v2\/product_tag?post=2996"}],"curies":[{"name":"wp","href":"https:\/\/api.w.org\/{rel}","templated":true}]}}