{"id":2994,"date":"2024-09-27T00:51:19","date_gmt":"2024-09-27T00:51:19","guid":{"rendered":"https:\/\/pardismotoroil.com\/?post_type=product&#038;p=2994"},"modified":"2025-01-18T14:12:42","modified_gmt":"2025-01-18T14:12:42","slug":"gear-oilvg-220","status":"publish","type":"product","link":"https:\/\/pardismotoroil.com\/fr\/produit\/gear-oilvg-220\/","title":{"rendered":"GEAR OILVG 220"},"content":{"rendered":"<p>Cette huile pour engrenages contient une huile de base de haute qualit\u00e9 et des additifs sp\u00e9ciaux. Cette huile pr\u00e9sente de bonnes performances dans des conditions de fonctionnement difficiles. Elle poss\u00e8de d&rsquo;excellentes propri\u00e9t\u00e9s lubrifiantes et en raison de sa tr\u00e8s bonne r\u00e9sistance \u00e0 l&rsquo;oxydation et \u00e9vitant ainsi la formation de d\u00e9p\u00f4ts et de boues acides, l&rsquo;utilisation de cette\u00a0<strong>huile nettoiera le syst\u00e8me et am\u00e9liorera l&rsquo;efficacit\u00e9 de l&rsquo;appareil.<\/strong><\/p>\n<p><strong>Application:<\/strong>\u00a0Ce produit convient \u00e0 tous les engrenages et syst\u00e8mes dont le niveau de performance est recommand\u00e9 par leur fabricant.<\/p>\n","protected":false},"excerpt":{"rendered":"<p>Cette huile pour engrenages contient une huile de base de haute qualit\u00e9 et des additifs sp\u00e9ciaux. Cette huile pr\u00e9sente de bonnes performances dans des conditions de fonctionnement difficiles. Elle poss\u00e8de d&rsquo;excellentes propri\u00e9t\u00e9s lubrifiantes et en raison de sa tr\u00e8s bonne r\u00e9sistance \u00e0 l&rsquo;oxydation et \u00e9vitant ainsi la formation de d\u00e9p\u00f4ts et de boues acides, l&rsquo;utilisation [&hellip;]<\/p>\n","protected":false},"featured_media":0,"comment_status":"open","ping_status":"closed","template":"","meta":[],"product_brand":[],"product_cat":[],"product_tag":[],"class_list":{"0":"post-2994","1":"product","2":"type-product","3":"status-publish","6":"first","7":"instock","8":"shipping-taxable","9":"product-type-simple"},"_links":{"self":[{"href":"https:\/\/pardismotoroil.com\/fr\/wp-json\/wp\/v2\/product\/2994","targetHints":{"allow":["GET"]}}],"collection":[{"href":"https:\/\/pardismotoroil.com\/fr\/wp-json\/wp\/v2\/product"}],"about":[{"href":"https:\/\/pardismotoroil.com\/fr\/wp-json\/wp\/v2\/types\/product"}],"replies":[{"embeddable":true,"href":"https:\/\/pardismotoroil.com\/fr\/wp-json\/wp\/v2\/comments?post=2994"}],"wp:attachment":[{"href":"https:\/\/pardismotoroil.com\/fr\/wp-json\/wp\/v2\/media?parent=2994"}],"wp:term":[{"taxonomy":"product_brand","embeddable":true,"href":"https:\/\/pardismotoroil.com\/fr\/wp-json\/wp\/v2\/product_brand?post=2994"},{"taxonomy":"product_cat","embeddable":true,"href":"https:\/\/pardismotoroil.com\/fr\/wp-json\/wp\/v2\/product_cat?post=2994"},{"taxonomy":"product_tag","embeddable":true,"href":"https:\/\/pardismotoroil.com\/fr\/wp-json\/wp\/v2\/product_tag?post=2994"}],"curies":[{"name":"wp","href":"https:\/\/api.w.org\/{rel}","templated":true}]}}