{"id":2992,"date":"2024-09-27T00:51:21","date_gmt":"2024-09-27T00:51:21","guid":{"rendered":"https:\/\/pardismotoroil.com\/?post_type=product&#038;p=2992"},"modified":"2025-01-18T14:11:36","modified_gmt":"2025-01-18T14:11:36","slug":"gear-oilvg-680","status":"publish","type":"product","link":"https:\/\/pardismotoroil.com\/fr\/produit\/gear-oilvg-680\/","title":{"rendered":"GEAR OILVG 680"},"content":{"rendered":"<p>Cette huile contient une huile de base de haute qualit\u00e9, des ingr\u00e9dients et additifs avanc\u00e9s. Ce produit emp\u00eache la formation de s\u00e9diments et de contaminants et pr\u00e9sente une r\u00e9sistance \u00e9lev\u00e9e. Cette huile a une bonne stabilit\u00e9 \u00e0 haute temp\u00e9rature et emp\u00eache la formation de d\u00e9p\u00f4ts. Ce produit augmente la tol\u00e9rance de pression sur les pi\u00e8ces, y compris la dur\u00e9e de fonctionnement des pi\u00e8ces. Il \u00e9vite aussi la corrosion des pi\u00e8ces gr\u00e2ce \u00e0 des additifs de haute qualit\u00e9.<\/p>\n<p><strong>Application:<\/strong>\u00a0Ce produit convient \u00e0 tous les engrenages et syst\u00e8mes dont le niveau d&rsquo;efficacit\u00e9 ci-dessus est recommand\u00e9 par leur fabricant.<\/p>\n","protected":false},"excerpt":{"rendered":"<p>Cette huile contient une huile de base de haute qualit\u00e9, des ingr\u00e9dients et additifs avanc\u00e9s. Ce produit emp\u00eache la formation de s\u00e9diments et de contaminants et pr\u00e9sente une r\u00e9sistance \u00e9lev\u00e9e. Cette huile a une bonne stabilit\u00e9 \u00e0 haute temp\u00e9rature et emp\u00eache la formation de d\u00e9p\u00f4ts. Ce produit augmente la tol\u00e9rance de pression sur les pi\u00e8ces, [&hellip;]<\/p>\n","protected":false},"featured_media":0,"comment_status":"open","ping_status":"closed","template":"","meta":[],"product_brand":[],"product_cat":[],"product_tag":[],"class_list":{"0":"post-2992","1":"product","2":"type-product","3":"status-publish","6":"first","7":"instock","8":"shipping-taxable","9":"product-type-simple"},"_links":{"self":[{"href":"https:\/\/pardismotoroil.com\/fr\/wp-json\/wp\/v2\/product\/2992","targetHints":{"allow":["GET"]}}],"collection":[{"href":"https:\/\/pardismotoroil.com\/fr\/wp-json\/wp\/v2\/product"}],"about":[{"href":"https:\/\/pardismotoroil.com\/fr\/wp-json\/wp\/v2\/types\/product"}],"replies":[{"embeddable":true,"href":"https:\/\/pardismotoroil.com\/fr\/wp-json\/wp\/v2\/comments?post=2992"}],"wp:attachment":[{"href":"https:\/\/pardismotoroil.com\/fr\/wp-json\/wp\/v2\/media?parent=2992"}],"wp:term":[{"taxonomy":"product_brand","embeddable":true,"href":"https:\/\/pardismotoroil.com\/fr\/wp-json\/wp\/v2\/product_brand?post=2992"},{"taxonomy":"product_cat","embeddable":true,"href":"https:\/\/pardismotoroil.com\/fr\/wp-json\/wp\/v2\/product_cat?post=2992"},{"taxonomy":"product_tag","embeddable":true,"href":"https:\/\/pardismotoroil.com\/fr\/wp-json\/wp\/v2\/product_tag?post=2992"}],"curies":[{"name":"wp","href":"https:\/\/api.w.org\/{rel}","templated":true}]}}