{"id":2991,"date":"2024-09-27T00:51:23","date_gmt":"2024-09-27T00:51:23","guid":{"rendered":"https:\/\/pardismotoroil.com\/?post_type=product&#038;p=2991"},"modified":"2025-01-18T14:11:01","modified_gmt":"2025-01-18T14:11:01","slug":"motor-oil-40-sc-cc","status":"publish","type":"product","link":"https:\/\/pardismotoroil.com\/fr\/produit\/motor-oil-40-sc-cc\/","title":{"rendered":"MOTOR OIL 40 SC\/CC"},"content":{"rendered":"<p>Cette huile moteur a \u00e9t\u00e9 compos\u00e9e d&rsquo;une huile de base de haute qualit\u00e9 et des additifs appropri\u00e9s pour une utilisation dans les moteurs \u00e0 essence et \u00e0 diesel conform\u00e9ment au niveau d&rsquo;efficacit\u00e9 de l&rsquo;API SC \/ CC. Dans la fabrication de cette huile, des additifs autoris\u00e9s ont \u00e9t\u00e9 utilis\u00e9s, ce qui permet une excellente lubrification et un bon fonctionnement du moteur. Cette huile moteur est recommand\u00e9e pour la lubrification des moteurs des v\u00e9hicules \u00e0 essence et \u00e0 diesel pour lesquels ce niveau de qualit\u00e9 est recommand\u00e9.<\/p>\n<p>Application: Ce produit peut \u00eatre utilis\u00e9 dans tous les v\u00e9hicules \u00e0 essence et \u00e0 diesel en fonction du niveau de qualit\u00e9 recommand\u00e9 par le constructeur automobile.<\/p>\n","protected":false},"excerpt":{"rendered":"<p>Cette huile moteur a \u00e9t\u00e9 compos\u00e9e d&rsquo;une huile de base de haute qualit\u00e9 et des additifs appropri\u00e9s pour une utilisation dans les moteurs \u00e0 essence et \u00e0 diesel conform\u00e9ment au niveau d&rsquo;efficacit\u00e9 de l&rsquo;API SC \/ CC. Dans la fabrication de cette huile, des additifs autoris\u00e9s ont \u00e9t\u00e9 utilis\u00e9s, ce qui permet une excellente lubrification [&hellip;]<\/p>\n","protected":false},"featured_media":1724,"comment_status":"open","ping_status":"closed","template":"","meta":[],"product_brand":[],"product_cat":[78,79],"product_tag":[],"class_list":{"0":"post-2991","1":"product","2":"type-product","3":"status-publish","4":"has-post-thumbnail","6":"product_cat-huile-moteur","7":"product_cat-huile-moteur-essence","9":"first","10":"instock","11":"shipping-taxable","12":"product-type-simple"},"_links":{"self":[{"href":"https:\/\/pardismotoroil.com\/fr\/wp-json\/wp\/v2\/product\/2991","targetHints":{"allow":["GET"]}}],"collection":[{"href":"https:\/\/pardismotoroil.com\/fr\/wp-json\/wp\/v2\/product"}],"about":[{"href":"https:\/\/pardismotoroil.com\/fr\/wp-json\/wp\/v2\/types\/product"}],"replies":[{"embeddable":true,"href":"https:\/\/pardismotoroil.com\/fr\/wp-json\/wp\/v2\/comments?post=2991"}],"wp:featuredmedia":[{"embeddable":true,"href":"https:\/\/pardismotoroil.com\/fr\/wp-json\/wp\/v2\/media\/1724"}],"wp:attachment":[{"href":"https:\/\/pardismotoroil.com\/fr\/wp-json\/wp\/v2\/media?parent=2991"}],"wp:term":[{"taxonomy":"product_brand","embeddable":true,"href":"https:\/\/pardismotoroil.com\/fr\/wp-json\/wp\/v2\/product_brand?post=2991"},{"taxonomy":"product_cat","embeddable":true,"href":"https:\/\/pardismotoroil.com\/fr\/wp-json\/wp\/v2\/product_cat?post=2991"},{"taxonomy":"product_tag","embeddable":true,"href":"https:\/\/pardismotoroil.com\/fr\/wp-json\/wp\/v2\/product_tag?post=2991"}],"curies":[{"name":"wp","href":"https:\/\/api.w.org\/{rel}","templated":true}]}}