{"id":2990,"date":"2024-09-27T00:51:24","date_gmt":"2024-09-27T00:51:24","guid":{"rendered":"https:\/\/pardismotoroil.com\/?post_type=product&#038;p=2990"},"modified":"2025-01-18T14:09:04","modified_gmt":"2025-01-18T14:09:04","slug":"motor-oil-50-sc-cc","status":"publish","type":"product","link":"https:\/\/pardismotoroil.com\/fr\/produit\/motor-oil-50-sc-cc\/","title":{"rendered":"MOTOR OIL 50 SC\/CC"},"content":{"rendered":"<p>Cette huile moteur est produite \u00e0 l&rsquo;aide d&rsquo;une huile de base de haute qualit\u00e9 et des meilleurs additifs requis pour le niveau de qualit\u00e9 API SC \/ CC. En plus de maintenir sa viscosit\u00e9 pendant le fonctionnement, cette huile a une faible volatilit\u00e9 et une tr\u00e8s bonne r\u00e9sistance \u00e0 la chaleur et \u00e0 l&rsquo;oxydation et prot\u00e8ge bien le moteur de votre voiture contre l&rsquo;abrasion.<\/p>\n<p>&nbsp;<\/p>\n<p><strong>Application<\/strong>: Ce produit peut \u00eatre utilis\u00e9 dans tous les v\u00e9hicules \u00e0 essence et \u00e0 diesel en fonction du niveau de qualit\u00e9 recommand\u00e9 par le constructeur automobile.<\/p>\n","protected":false},"excerpt":{"rendered":"<p>Cette huile moteur est produite \u00e0 l&rsquo;aide d&rsquo;une huile de base de haute qualit\u00e9 et des meilleurs additifs requis pour le niveau de qualit\u00e9 API SC \/ CC. En plus de maintenir sa viscosit\u00e9 pendant le fonctionnement, cette huile a une faible volatilit\u00e9 et une tr\u00e8s bonne r\u00e9sistance \u00e0 la chaleur et \u00e0 l&rsquo;oxydation et [&hellip;]<\/p>\n","protected":false},"featured_media":1999,"comment_status":"open","ping_status":"closed","template":"","meta":[],"product_brand":[],"product_cat":[78,79],"product_tag":[],"class_list":{"0":"post-2990","1":"product","2":"type-product","3":"status-publish","4":"has-post-thumbnail","6":"product_cat-huile-moteur","7":"product_cat-huile-moteur-essence","9":"first","10":"instock","11":"shipping-taxable","12":"product-type-simple"},"_links":{"self":[{"href":"https:\/\/pardismotoroil.com\/fr\/wp-json\/wp\/v2\/product\/2990","targetHints":{"allow":["GET"]}}],"collection":[{"href":"https:\/\/pardismotoroil.com\/fr\/wp-json\/wp\/v2\/product"}],"about":[{"href":"https:\/\/pardismotoroil.com\/fr\/wp-json\/wp\/v2\/types\/product"}],"replies":[{"embeddable":true,"href":"https:\/\/pardismotoroil.com\/fr\/wp-json\/wp\/v2\/comments?post=2990"}],"wp:featuredmedia":[{"embeddable":true,"href":"https:\/\/pardismotoroil.com\/fr\/wp-json\/wp\/v2\/media\/1999"}],"wp:attachment":[{"href":"https:\/\/pardismotoroil.com\/fr\/wp-json\/wp\/v2\/media?parent=2990"}],"wp:term":[{"taxonomy":"product_brand","embeddable":true,"href":"https:\/\/pardismotoroil.com\/fr\/wp-json\/wp\/v2\/product_brand?post=2990"},{"taxonomy":"product_cat","embeddable":true,"href":"https:\/\/pardismotoroil.com\/fr\/wp-json\/wp\/v2\/product_cat?post=2990"},{"taxonomy":"product_tag","embeddable":true,"href":"https:\/\/pardismotoroil.com\/fr\/wp-json\/wp\/v2\/product_tag?post=2990"}],"curies":[{"name":"wp","href":"https:\/\/api.w.org\/{rel}","templated":true}]}}