{"id":2989,"date":"2024-09-27T00:51:25","date_gmt":"2024-09-27T00:51:25","guid":{"rendered":"https:\/\/pardismotoroil.com\/?post_type=product&#038;p=2989"},"modified":"2025-01-18T14:08:28","modified_gmt":"2025-01-18T14:08:28","slug":"motor-oil-20w50-sc-cc","status":"publish","type":"product","link":"https:\/\/pardismotoroil.com\/fr\/produit\/motor-oil-20w50-sc-cc\/","title":{"rendered":"MOTOR OIL 20W50 SC\/CC"},"content":{"rendered":"<p>Cette huile moteur est compos\u00e9e d\u2019une huile de base de haute qualit\u00e9 et des meilleurs additifs pour ce niveau de qualit\u00e9. Ce lubrifiant convient \u00e0 toutes les saisons et \u00e9vite les probl\u00e8mes tels que l&rsquo;abrasion et la corrosion. Cette huile, en plus de prot\u00e9ger le moteur de votre voiture contre l&rsquo;oxydation \u00e0 haute temp\u00e9rature et la corrosion, joue un r\u00f4le tr\u00e8s important dans une meilleure lubrification pour augmenter la dur\u00e9e de fonctionnement du moteur et maximiser son nettoyage. Il convient de noter que ce lubrifiant r\u00e9duit la consommation de carburant et \u00e9vite des co\u00fbts suppl\u00e9mentaires dans diverses parties de la voiture.<\/p>\n<p>&nbsp;<\/p>\n<p><strong>Application:<\/strong>\u00a0Ce produit peut \u00eatre utilis\u00e9 dans tous les v\u00e9hicules \u00e0 essence et \u00e0 diesel en fonction du niveau de qualit\u00e9 recommand\u00e9 par le constructeur automobile.<\/p>\n","protected":false},"excerpt":{"rendered":"<p>Cette huile moteur est compos\u00e9e d\u2019une huile de base de haute qualit\u00e9 et des meilleurs additifs pour ce niveau de qualit\u00e9. Ce lubrifiant convient \u00e0 toutes les saisons et \u00e9vite les probl\u00e8mes tels que l&rsquo;abrasion et la corrosion. Cette huile, en plus de prot\u00e9ger le moteur de votre voiture contre l&rsquo;oxydation \u00e0 haute temp\u00e9rature et [&hellip;]<\/p>\n","protected":false},"featured_media":1817,"comment_status":"open","ping_status":"closed","template":"","meta":[],"product_brand":[],"product_cat":[78,79],"product_tag":[],"class_list":{"0":"post-2989","1":"product","2":"type-product","3":"status-publish","4":"has-post-thumbnail","6":"product_cat-huile-moteur","7":"product_cat-huile-moteur-essence","9":"first","10":"instock","11":"shipping-taxable","12":"product-type-simple"},"_links":{"self":[{"href":"https:\/\/pardismotoroil.com\/fr\/wp-json\/wp\/v2\/product\/2989","targetHints":{"allow":["GET"]}}],"collection":[{"href":"https:\/\/pardismotoroil.com\/fr\/wp-json\/wp\/v2\/product"}],"about":[{"href":"https:\/\/pardismotoroil.com\/fr\/wp-json\/wp\/v2\/types\/product"}],"replies":[{"embeddable":true,"href":"https:\/\/pardismotoroil.com\/fr\/wp-json\/wp\/v2\/comments?post=2989"}],"wp:featuredmedia":[{"embeddable":true,"href":"https:\/\/pardismotoroil.com\/fr\/wp-json\/wp\/v2\/media\/1817"}],"wp:attachment":[{"href":"https:\/\/pardismotoroil.com\/fr\/wp-json\/wp\/v2\/media?parent=2989"}],"wp:term":[{"taxonomy":"product_brand","embeddable":true,"href":"https:\/\/pardismotoroil.com\/fr\/wp-json\/wp\/v2\/product_brand?post=2989"},{"taxonomy":"product_cat","embeddable":true,"href":"https:\/\/pardismotoroil.com\/fr\/wp-json\/wp\/v2\/product_cat?post=2989"},{"taxonomy":"product_tag","embeddable":true,"href":"https:\/\/pardismotoroil.com\/fr\/wp-json\/wp\/v2\/product_tag?post=2989"}],"curies":[{"name":"wp","href":"https:\/\/api.w.org\/{rel}","templated":true}]}}