{"id":2987,"date":"2024-09-27T00:51:29","date_gmt":"2024-09-27T00:51:29","guid":{"rendered":"https:\/\/pardismotoroil.com\/?post_type=product&#038;p=2987"},"modified":"2025-01-18T14:07:23","modified_gmt":"2025-01-18T14:07:23","slug":"motor-oil-20w50-sf-cc","status":"publish","type":"product","link":"https:\/\/pardismotoroil.com\/fr\/produit\/motor-oil-20w50-sf-cc\/","title":{"rendered":"MOTOR OIL 20W50 SF\/CC"},"content":{"rendered":"<p>Cette huile moteur est compos\u00e9e d\u2019une huile de base et d&rsquo;additifs de qualit\u00e9 qui montrent une qualit\u00e9 de fonctionnement maximale. Ce produit est une huile servant \u00e0 toutes les saisons qui pr\u00e9sente de bonnes performances dans diff\u00e9rentes conditions de temp\u00e9rature et est utilis\u00e9e dans tous les v\u00e9hicules \u00e0 diesel et \u00e0 essence en fonction du niveau de qualit\u00e9 recommand\u00e9 par le fabricant. Les caract\u00e9ristiques importantes de cette huile moteur comprennent ses propri\u00e9t\u00e9s de nettoyage et d\u2019anti-corrosion \u00e9lev\u00e9s.<\/p>\n<p>&nbsp;<\/p>\n<p><strong>Application:<\/strong>\u00a0Ce produit peut \u00eatre utilis\u00e9 dans tous les v\u00e9hicules \u00e0 essence et \u00e0 diesel en fonction du niveau de qualit\u00e9 recommand\u00e9 par le constructeur automobile.<\/p>\n","protected":false},"excerpt":{"rendered":"<p>Cette huile moteur est compos\u00e9e d\u2019une huile de base et d&rsquo;additifs de qualit\u00e9 qui montrent une qualit\u00e9 de fonctionnement maximale. Ce produit est une huile servant \u00e0 toutes les saisons qui pr\u00e9sente de bonnes performances dans diff\u00e9rentes conditions de temp\u00e9rature et est utilis\u00e9e dans tous les v\u00e9hicules \u00e0 diesel et \u00e0 essence en fonction du [&hellip;]<\/p>\n","protected":false},"featured_media":2031,"comment_status":"open","ping_status":"closed","template":"","meta":[],"product_brand":[],"product_cat":[78,79],"product_tag":[],"class_list":{"0":"post-2987","1":"product","2":"type-product","3":"status-publish","4":"has-post-thumbnail","6":"product_cat-huile-moteur","7":"product_cat-huile-moteur-essence","9":"first","10":"instock","11":"shipping-taxable","12":"product-type-simple"},"_links":{"self":[{"href":"https:\/\/pardismotoroil.com\/fr\/wp-json\/wp\/v2\/product\/2987","targetHints":{"allow":["GET"]}}],"collection":[{"href":"https:\/\/pardismotoroil.com\/fr\/wp-json\/wp\/v2\/product"}],"about":[{"href":"https:\/\/pardismotoroil.com\/fr\/wp-json\/wp\/v2\/types\/product"}],"replies":[{"embeddable":true,"href":"https:\/\/pardismotoroil.com\/fr\/wp-json\/wp\/v2\/comments?post=2987"}],"wp:featuredmedia":[{"embeddable":true,"href":"https:\/\/pardismotoroil.com\/fr\/wp-json\/wp\/v2\/media\/2031"}],"wp:attachment":[{"href":"https:\/\/pardismotoroil.com\/fr\/wp-json\/wp\/v2\/media?parent=2987"}],"wp:term":[{"taxonomy":"product_brand","embeddable":true,"href":"https:\/\/pardismotoroil.com\/fr\/wp-json\/wp\/v2\/product_brand?post=2987"},{"taxonomy":"product_cat","embeddable":true,"href":"https:\/\/pardismotoroil.com\/fr\/wp-json\/wp\/v2\/product_cat?post=2987"},{"taxonomy":"product_tag","embeddable":true,"href":"https:\/\/pardismotoroil.com\/fr\/wp-json\/wp\/v2\/product_tag?post=2987"}],"curies":[{"name":"wp","href":"https:\/\/api.w.org\/{rel}","templated":true}]}}