{"id":2986,"date":"2024-09-27T00:51:30","date_gmt":"2024-09-27T00:51:30","guid":{"rendered":"https:\/\/pardismotoroil.com\/?post_type=product&#038;p=2986"},"modified":"2025-01-18T14:06:53","modified_gmt":"2025-01-18T14:06:53","slug":"motor-oil-20w50-sg-cc","status":"publish","type":"product","link":"https:\/\/pardismotoroil.com\/fr\/produit\/motor-oil-20w50-sg-cc\/","title":{"rendered":"MOTOR OIL 20W50 SG\/CC"},"content":{"rendered":"<p>Cette huile moteur est compos\u00e9e d\u2019une huile de base de haute qualit\u00e9 et des additifs appropri\u00e9s \u00e0 un niveau de qualit\u00e9 tr\u00e8s \u00e9lev\u00e9 pour une utilisation en toutes saisons et en fonction des diff\u00e9rentes conditions climatiques. Parmi les propri\u00e9t\u00e9s de cette huile figurent celles d\u2019anti-oxydation, une stabilit\u00e9 thermique \u00e9lev\u00e9e, des propri\u00e9t\u00e9s de nettoyage pour r\u00e9duire les d\u00e9p\u00f4ts dus \u00e0 la combustion et \u00e0 l&rsquo;oxydation, celles d\u2019anti-abrasion pour contr\u00f4ler l&rsquo;\u00e9rosion des pi\u00e8ces du moteur, la neutralisation des acides due \u00e0 l&rsquo;oxydation et la combustion des pi\u00e8ces due \u00e0 oxydation,ce qui augmente la dur\u00e9e de fonctionnement et la puissance du moteur.<\/p>\n<p><strong>\u00a0<\/strong><\/p>\n<p><strong>Application:<\/strong>\u00a0Ce produit peut \u00eatre utilis\u00e9 dans tous les v\u00e9hicules \u00e0 essence et \u00e0 diesel en fonction du niveau de qualit\u00e9 recommand\u00e9 par le constructeur automobile.<\/p>\n","protected":false},"excerpt":{"rendered":"<p>Cette huile moteur est compos\u00e9e d\u2019une huile de base de haute qualit\u00e9 et des additifs appropri\u00e9s \u00e0 un niveau de qualit\u00e9 tr\u00e8s \u00e9lev\u00e9 pour une utilisation en toutes saisons et en fonction des diff\u00e9rentes conditions climatiques. Parmi les propri\u00e9t\u00e9s de cette huile figurent celles d\u2019anti-oxydation, une stabilit\u00e9 thermique \u00e9lev\u00e9e, des propri\u00e9t\u00e9s de nettoyage pour r\u00e9duire [&hellip;]<\/p>\n","protected":false},"featured_media":3174,"comment_status":"open","ping_status":"closed","template":"","meta":[],"product_brand":[],"product_cat":[78,79],"product_tag":[],"class_list":{"0":"post-2986","1":"product","2":"type-product","3":"status-publish","4":"has-post-thumbnail","6":"product_cat-huile-moteur","7":"product_cat-huile-moteur-essence","9":"first","10":"instock","11":"shipping-taxable","12":"product-type-simple"},"_links":{"self":[{"href":"https:\/\/pardismotoroil.com\/fr\/wp-json\/wp\/v2\/product\/2986","targetHints":{"allow":["GET"]}}],"collection":[{"href":"https:\/\/pardismotoroil.com\/fr\/wp-json\/wp\/v2\/product"}],"about":[{"href":"https:\/\/pardismotoroil.com\/fr\/wp-json\/wp\/v2\/types\/product"}],"replies":[{"embeddable":true,"href":"https:\/\/pardismotoroil.com\/fr\/wp-json\/wp\/v2\/comments?post=2986"}],"wp:featuredmedia":[{"embeddable":true,"href":"https:\/\/pardismotoroil.com\/fr\/wp-json\/wp\/v2\/media\/3174"}],"wp:attachment":[{"href":"https:\/\/pardismotoroil.com\/fr\/wp-json\/wp\/v2\/media?parent=2986"}],"wp:term":[{"taxonomy":"product_brand","embeddable":true,"href":"https:\/\/pardismotoroil.com\/fr\/wp-json\/wp\/v2\/product_brand?post=2986"},{"taxonomy":"product_cat","embeddable":true,"href":"https:\/\/pardismotoroil.com\/fr\/wp-json\/wp\/v2\/product_cat?post=2986"},{"taxonomy":"product_tag","embeddable":true,"href":"https:\/\/pardismotoroil.com\/fr\/wp-json\/wp\/v2\/product_tag?post=2986"}],"curies":[{"name":"wp","href":"https:\/\/api.w.org\/{rel}","templated":true}]}}