{"id":2985,"date":"2024-09-27T00:51:31","date_gmt":"2024-09-27T00:51:31","guid":{"rendered":"https:\/\/pardismotoroil.com\/?post_type=product&#038;p=2985"},"modified":"2025-01-18T14:06:19","modified_gmt":"2025-01-18T14:06:19","slug":"motor-oil-20w50-sj-cf4","status":"publish","type":"product","link":"https:\/\/pardismotoroil.com\/fr\/produit\/motor-oil-20w50-sj-cf4\/","title":{"rendered":"MOTOR OIL 20W50 SJ\/CF4"},"content":{"rendered":"<p>Cette huile moteur est produite \u00e0 partir d&rsquo;une huile de base de haute qualit\u00e9 et d&rsquo;additifs appropri\u00e9s au niveau de qualit\u00e9 SJ \/ CF4 et de grade 20W50. Cette huile moteur est tr\u00e8s r\u00e9sistante \u00e0 l&rsquo;oxydation et \u00e0 la chaleur \u00e9lev\u00e9e et emp\u00eache \u00e9galement l&rsquo;abrasion et la corrosion des pi\u00e8ces du moteur dans des conditions de fonctionnement difficiles. Cette huile moteur est \u00e9galement pr\u00eate \u00e0 \u00eatre utilis\u00e9e pendant la saison froide par un d\u00e9marrage rapide et effectue l&rsquo;op\u00e9ration de lubrification de la meilleure fa\u00e7on. Une autre caract\u00e9ristique de cette huile moteur est sa forte propri\u00e9t\u00e9 de nettoyage de sorte que pendant le fonctionnement, elle emp\u00eache la formation de d\u00e9p\u00f4ts et de contaminants sur les pi\u00e8ces du moteur. Cette huile moteur maintient ses performances pendant une longue p\u00e9riode et emp\u00eache le moteur de la voiture de surchauffer.<\/p>\n<p><strong>\u00a0<\/strong><\/p>\n<p><strong>Application<\/strong>: Ce produit peut \u00eatre utilis\u00e9 dans tous les v\u00e9hicules \u00e0 essence et \u00e0 diesel en fonction du niveau de qualit\u00e9 recommand\u00e9 par le constructeur automobile.<\/p>\n","protected":false},"excerpt":{"rendered":"<p>Cette huile moteur est produite \u00e0 partir d&rsquo;une huile de base de haute qualit\u00e9 et d&rsquo;additifs appropri\u00e9s au niveau de qualit\u00e9 SJ \/ CF4 et de grade 20W50. Cette huile moteur est tr\u00e8s r\u00e9sistante \u00e0 l&rsquo;oxydation et \u00e0 la chaleur \u00e9lev\u00e9e et emp\u00eache \u00e9galement l&rsquo;abrasion et la corrosion des pi\u00e8ces du moteur dans des conditions [&hellip;]<\/p>\n","protected":false},"featured_media":3159,"comment_status":"open","ping_status":"closed","template":"","meta":[],"product_brand":[],"product_cat":[78,82,79],"product_tag":[],"class_list":{"0":"post-2985","1":"product","2":"type-product","3":"status-publish","4":"has-post-thumbnail","6":"product_cat-huile-moteur","7":"product_cat-huile-moteur-bateau","8":"product_cat-huile-moteur-essence","10":"first","11":"instock","12":"shipping-taxable","13":"product-type-simple"},"_links":{"self":[{"href":"https:\/\/pardismotoroil.com\/fr\/wp-json\/wp\/v2\/product\/2985","targetHints":{"allow":["GET"]}}],"collection":[{"href":"https:\/\/pardismotoroil.com\/fr\/wp-json\/wp\/v2\/product"}],"about":[{"href":"https:\/\/pardismotoroil.com\/fr\/wp-json\/wp\/v2\/types\/product"}],"replies":[{"embeddable":true,"href":"https:\/\/pardismotoroil.com\/fr\/wp-json\/wp\/v2\/comments?post=2985"}],"wp:featuredmedia":[{"embeddable":true,"href":"https:\/\/pardismotoroil.com\/fr\/wp-json\/wp\/v2\/media\/3159"}],"wp:attachment":[{"href":"https:\/\/pardismotoroil.com\/fr\/wp-json\/wp\/v2\/media?parent=2985"}],"wp:term":[{"taxonomy":"product_brand","embeddable":true,"href":"https:\/\/pardismotoroil.com\/fr\/wp-json\/wp\/v2\/product_brand?post=2985"},{"taxonomy":"product_cat","embeddable":true,"href":"https:\/\/pardismotoroil.com\/fr\/wp-json\/wp\/v2\/product_cat?post=2985"},{"taxonomy":"product_tag","embeddable":true,"href":"https:\/\/pardismotoroil.com\/fr\/wp-json\/wp\/v2\/product_tag?post=2985"}],"curies":[{"name":"wp","href":"https:\/\/api.w.org\/{rel}","templated":true}]}}