{"id":2984,"date":"2024-09-27T00:51:32","date_gmt":"2024-09-27T00:51:32","guid":{"rendered":"https:\/\/pardismotoroil.com\/?post_type=product&#038;p=2984"},"modified":"2025-01-18T14:05:46","modified_gmt":"2025-01-18T14:05:46","slug":"motor-oil-10w40-sj-cf4","status":"publish","type":"product","link":"https:\/\/pardismotoroil.com\/fr\/produit\/motor-oil-10w40-sj-cf4\/","title":{"rendered":"MOTOR OIL 10W40 SJ\/CF4"},"content":{"rendered":"<p>Cette huile moteur est produite en utilisant une huile de base de haute qualit\u00e9 et des additifs tr\u00e8s appropri\u00e9s chez la soci\u00e9t\u00e9 Pardis. La formulation de cette huile est telle que tout en maintenant la viscosit\u00e9 de l&rsquo;huile et en formant un film stable sur les pi\u00e8ces du moteur, elle les prot\u00e8ge des dommages caus\u00e9s par la corrosion, la rouille et l&rsquo;abrasion. D&rsquo;autres caract\u00e9ristiques de cette huile comprennent sa capacit\u00e9 \u00e0 prot\u00e9ger le moteur \u00e0 haute temp\u00e9rature, ses excellentes propri\u00e9t\u00e9s anti-mousse, la pr\u00e9vention de la corrosion et de la rouille, une haute r\u00e9sistance \u00e0 l&rsquo;oxydation, d&rsquo;excellentes propri\u00e9t\u00e9s de nettoyage, de bonnes performances lors du d\u00e9marrage \u00e0 basse temp\u00e9rature.<\/p>\n<p>&nbsp;<\/p>\n<p><strong>Application<\/strong>: ce produit peut \u00eatre utilis\u00e9 dans tous les moteurs diesel marins \u00e0 quatre temps dans toutes les conditions m\u00e9t\u00e9orologiques et dans les cas o\u00f9 les niveaux de qualit\u00e9 ci-dessus sont recommand\u00e9s.<\/p>\n","protected":false},"excerpt":{"rendered":"<p>Cette huile moteur est produite en utilisant une huile de base de haute qualit\u00e9 et des additifs tr\u00e8s appropri\u00e9s chez la soci\u00e9t\u00e9 Pardis. La formulation de cette huile est telle que tout en maintenant la viscosit\u00e9 de l&rsquo;huile et en formant un film stable sur les pi\u00e8ces du moteur, elle les prot\u00e8ge des dommages caus\u00e9s [&hellip;]<\/p>\n","protected":false},"featured_media":1934,"comment_status":"open","ping_status":"closed","template":"","meta":[],"product_brand":[],"product_cat":[78,82,79],"product_tag":[],"class_list":{"0":"post-2984","1":"product","2":"type-product","3":"status-publish","4":"has-post-thumbnail","6":"product_cat-huile-moteur","7":"product_cat-huile-moteur-bateau","8":"product_cat-huile-moteur-essence","10":"first","11":"instock","12":"shipping-taxable","13":"product-type-simple"},"_links":{"self":[{"href":"https:\/\/pardismotoroil.com\/fr\/wp-json\/wp\/v2\/product\/2984","targetHints":{"allow":["GET"]}}],"collection":[{"href":"https:\/\/pardismotoroil.com\/fr\/wp-json\/wp\/v2\/product"}],"about":[{"href":"https:\/\/pardismotoroil.com\/fr\/wp-json\/wp\/v2\/types\/product"}],"replies":[{"embeddable":true,"href":"https:\/\/pardismotoroil.com\/fr\/wp-json\/wp\/v2\/comments?post=2984"}],"wp:featuredmedia":[{"embeddable":true,"href":"https:\/\/pardismotoroil.com\/fr\/wp-json\/wp\/v2\/media\/1934"}],"wp:attachment":[{"href":"https:\/\/pardismotoroil.com\/fr\/wp-json\/wp\/v2\/media?parent=2984"}],"wp:term":[{"taxonomy":"product_brand","embeddable":true,"href":"https:\/\/pardismotoroil.com\/fr\/wp-json\/wp\/v2\/product_brand?post=2984"},{"taxonomy":"product_cat","embeddable":true,"href":"https:\/\/pardismotoroil.com\/fr\/wp-json\/wp\/v2\/product_cat?post=2984"},{"taxonomy":"product_tag","embeddable":true,"href":"https:\/\/pardismotoroil.com\/fr\/wp-json\/wp\/v2\/product_tag?post=2984"}],"curies":[{"name":"wp","href":"https:\/\/api.w.org\/{rel}","templated":true}]}}