{"id":2982,"date":"2024-09-27T00:51:35","date_gmt":"2024-09-27T00:51:35","guid":{"rendered":"https:\/\/pardismotoroil.com\/?post_type=product&#038;p=2982"},"modified":"2025-01-18T14:03:58","modified_gmt":"2025-01-18T14:03:58","slug":"motor-oil-15w40-sl-cf4","status":"publish","type":"product","link":"https:\/\/pardismotoroil.com\/fr\/produit\/motor-oil-15w40-sl-cf4\/","title":{"rendered":"MOTOR OIL 15W40 SL\/CF4"},"content":{"rendered":"<p>Cette huile moteur est un lubrifiant pour moteur \u00e0 essence et \u00e0 diesel de haute qualit\u00e9 qui est produite \u00e0 partir d&rsquo;une combinaison d&rsquo;huile de base de haute qualit\u00e9 et d&rsquo;additifs propre de la soci\u00e9t\u00e9 Pardis. Cette huile moteur est utilis\u00e9e pour lubrifier les moteurs des v\u00e9hicules pour lesquels le niveau de qualit\u00e9 API: SL \/ CF4 a \u00e9t\u00e9 recommand\u00e9. Ce lubrifiant prot\u00e8ge \u00e9galement le moteur de la voiture de tout dommage et poss\u00e8de des propri\u00e9t\u00e9s d\u2019anti-oxydation, d\u2019anti-corrosion, d\u2019anti-usure et d\u2019anti-mousse tr\u00e8s \u00e9lev\u00e9es gr\u00e2ce \u00e0 ses additifs de haute qualit\u00e9. Cette huile a une tr\u00e8s bonne viscosit\u00e9 et montre donc une tr\u00e8s bonne performance dans diff\u00e9rentes conditions climatiques. Une autre caract\u00e9ristique de ce lubrifiant est son point de goutte tr\u00e8s bas, ce qui rend le moteur de la voiture pr\u00eat \u00e0 \u00eatre utilis\u00e9 plus rapidement par temps froid.<\/p>\n<p><strong>\u00a0<\/strong><\/p>\n<p><strong>Application<\/strong>: Ce produit peut \u00eatre utilis\u00e9 dans tous les v\u00e9hicules \u00e0 essence et \u00e0 diesel en fonction du niveau de qualit\u00e9 recommand\u00e9 par le constructeur automobile.<\/p>\n","protected":false},"excerpt":{"rendered":"<p>Cette huile moteur est un lubrifiant pour moteur \u00e0 essence et \u00e0 diesel de haute qualit\u00e9 qui est produite \u00e0 partir d&rsquo;une combinaison d&rsquo;huile de base de haute qualit\u00e9 et d&rsquo;additifs propre de la soci\u00e9t\u00e9 Pardis. Cette huile moteur est utilis\u00e9e pour lubrifier les moteurs des v\u00e9hicules pour lesquels le niveau de qualit\u00e9 API: SL [&hellip;]<\/p>\n","protected":false},"featured_media":1787,"comment_status":"open","ping_status":"closed","template":"","meta":[],"product_brand":[],"product_cat":[78,79],"product_tag":[],"class_list":{"0":"post-2982","1":"product","2":"type-product","3":"status-publish","4":"has-post-thumbnail","6":"product_cat-huile-moteur","7":"product_cat-huile-moteur-essence","9":"first","10":"instock","11":"shipping-taxable","12":"product-type-simple"},"_links":{"self":[{"href":"https:\/\/pardismotoroil.com\/fr\/wp-json\/wp\/v2\/product\/2982","targetHints":{"allow":["GET"]}}],"collection":[{"href":"https:\/\/pardismotoroil.com\/fr\/wp-json\/wp\/v2\/product"}],"about":[{"href":"https:\/\/pardismotoroil.com\/fr\/wp-json\/wp\/v2\/types\/product"}],"replies":[{"embeddable":true,"href":"https:\/\/pardismotoroil.com\/fr\/wp-json\/wp\/v2\/comments?post=2982"}],"wp:featuredmedia":[{"embeddable":true,"href":"https:\/\/pardismotoroil.com\/fr\/wp-json\/wp\/v2\/media\/1787"}],"wp:attachment":[{"href":"https:\/\/pardismotoroil.com\/fr\/wp-json\/wp\/v2\/media?parent=2982"}],"wp:term":[{"taxonomy":"product_brand","embeddable":true,"href":"https:\/\/pardismotoroil.com\/fr\/wp-json\/wp\/v2\/product_brand?post=2982"},{"taxonomy":"product_cat","embeddable":true,"href":"https:\/\/pardismotoroil.com\/fr\/wp-json\/wp\/v2\/product_cat?post=2982"},{"taxonomy":"product_tag","embeddable":true,"href":"https:\/\/pardismotoroil.com\/fr\/wp-json\/wp\/v2\/product_tag?post=2982"}],"curies":[{"name":"wp","href":"https:\/\/api.w.org\/{rel}","templated":true}]}}