{"id":2981,"date":"2024-09-27T00:51:37","date_gmt":"2024-09-27T00:51:37","guid":{"rendered":"https:\/\/pardismotoroil.com\/?post_type=product&#038;p=2981"},"modified":"2025-01-18T14:03:29","modified_gmt":"2025-01-18T14:03:29","slug":"motor-oil-10w40-sl-cf4","status":"publish","type":"product","link":"https:\/\/pardismotoroil.com\/fr\/produit\/motor-oil-10w40-sl-cf4\/","title":{"rendered":"MOTOR OIL 10W40 SL\/CF4"},"content":{"rendered":"<p>Cette huile moteur est produite \u00e0 partir d&rsquo;une huile de base de haute qualit\u00e9 utilisant les derni\u00e8res technologies dans la raffinerie de la soci\u00e9t\u00e9 Pardis. Dans la formulation de cette huile, des additifs de haute qualit\u00e9 sont utilis\u00e9s, qui prot\u00e8gent le moteur de la voiture par une lubrification compl\u00e8te. Cette huile est produite et fournie sous forme d&rsquo;huile moteur multigrade (multigrade) et peut \u00eatre utilis\u00e9e dans tous les v\u00e9hicules \u00e0 essence et \u00e0 diesel en fonction du niveau de qualit\u00e9 recommand\u00e9 par le constructeur automobile. Parmi les caract\u00e9ristiques tr\u00e8s importantes de cette huile figurent ses propri\u00e9t\u00e9s nettoyantes pour r\u00e9duire les d\u00e9p\u00f4ts dus \u00e0 la combustion et \u00e0 l&rsquo;oxydation, celles d&rsquo;anti-usure pour contr\u00f4ler l&rsquo;\u00e9rosion des pi\u00e8ces du moteur, la combustion pour emp\u00eacher la corrosion des pi\u00e8ces du moteur, les propri\u00e9t\u00e9s antioxydantes et une stabilit\u00e9 thermique \u00e9lev\u00e9e, la protection du moteur dans toutes les conditions climatiques. On en citer enfin un d\u00e9marrage facile du moteur et une arriv\u00e9e rapide d&rsquo;huile dans les pi\u00e8ces pour la lubrification \u00e0 basse temp\u00e9rature.<\/p>\n<p>&nbsp;<\/p>\n<p>Application: Ce produit peut \u00eatre utilis\u00e9 dans tous les v\u00e9hicules \u00e0 essence et \u00e0 diesel en fonction du niveau de qualit\u00e9 recommand\u00e9 par le constructeur automobile.<\/p>\n","protected":false},"excerpt":{"rendered":"<p>Cette huile moteur est produite \u00e0 partir d&rsquo;une huile de base de haute qualit\u00e9 utilisant les derni\u00e8res technologies dans la raffinerie de la soci\u00e9t\u00e9 Pardis. Dans la formulation de cette huile, des additifs de haute qualit\u00e9 sont utilis\u00e9s, qui prot\u00e8gent le moteur de la voiture par une lubrification compl\u00e8te. Cette huile est produite et fournie [&hellip;]<\/p>\n","protected":false},"featured_media":0,"comment_status":"open","ping_status":"closed","template":"","meta":[],"product_brand":[],"product_cat":[78,79],"product_tag":[],"class_list":{"0":"post-2981","1":"product","2":"type-product","3":"status-publish","5":"product_cat-huile-moteur","6":"product_cat-huile-moteur-essence","8":"first","9":"instock","10":"shipping-taxable","11":"product-type-simple"},"_links":{"self":[{"href":"https:\/\/pardismotoroil.com\/fr\/wp-json\/wp\/v2\/product\/2981","targetHints":{"allow":["GET"]}}],"collection":[{"href":"https:\/\/pardismotoroil.com\/fr\/wp-json\/wp\/v2\/product"}],"about":[{"href":"https:\/\/pardismotoroil.com\/fr\/wp-json\/wp\/v2\/types\/product"}],"replies":[{"embeddable":true,"href":"https:\/\/pardismotoroil.com\/fr\/wp-json\/wp\/v2\/comments?post=2981"}],"wp:attachment":[{"href":"https:\/\/pardismotoroil.com\/fr\/wp-json\/wp\/v2\/media?parent=2981"}],"wp:term":[{"taxonomy":"product_brand","embeddable":true,"href":"https:\/\/pardismotoroil.com\/fr\/wp-json\/wp\/v2\/product_brand?post=2981"},{"taxonomy":"product_cat","embeddable":true,"href":"https:\/\/pardismotoroil.com\/fr\/wp-json\/wp\/v2\/product_cat?post=2981"},{"taxonomy":"product_tag","embeddable":true,"href":"https:\/\/pardismotoroil.com\/fr\/wp-json\/wp\/v2\/product_tag?post=2981"}],"curies":[{"name":"wp","href":"https:\/\/api.w.org\/{rel}","templated":true}]}}