{"id":2980,"date":"2024-09-27T20:13:45","date_gmt":"2024-09-27T20:13:45","guid":{"rendered":"https:\/\/pardismotoroil.com\/?post_type=product&#038;p=2980"},"modified":"2025-01-18T14:02:56","modified_gmt":"2025-01-18T14:02:56","slug":"motor-oil-2cycle-tb","status":"publish","type":"product","link":"https:\/\/pardismotoroil.com\/fr\/produit\/motor-oil-2cycle-tb\/","title":{"rendered":"MOTOR OIL 2Cycle -TB"},"content":{"rendered":"<p>Le produit ci-dessus est fabriqu\u00e9 conform\u00e9ment \u00e0 la norme de l&rsquo;American Petroleum Institute (API) et en utilisant une huile de base de haute qualit\u00e9 obtenue \u00e0 partir de la derni\u00e8re technologie de la raffinerie de la soci\u00e9t\u00e9 Pardis et des additifs de haute qualit\u00e9 qui prot\u00e8gent le moteur et l&rsquo;\u00e9quipement automobile par des lubrification compl\u00e8tes, ce qui vous mettra \u00e0 l&rsquo;aise.<\/p>\n<p>L&rsquo;application de ce produit dans les moteurs \u00e0 essence \u00e0 deux temps comporte un syst\u00e8me de ventilation de cartel qui est utilis\u00e9 pour les applications de transport, de loisirs et d&rsquo;installation telles que les motos, les motoneiges et les tron\u00e7onneuses.<\/p>\n","protected":false},"excerpt":{"rendered":"<p>Le produit ci-dessus est fabriqu\u00e9 conform\u00e9ment \u00e0 la norme de l&rsquo;American Petroleum Institute (API) et en utilisant une huile de base de haute qualit\u00e9 obtenue \u00e0 partir de la derni\u00e8re technologie de la raffinerie de la soci\u00e9t\u00e9 Pardis et des additifs de haute qualit\u00e9 qui prot\u00e8gent le moteur et l&rsquo;\u00e9quipement automobile par des lubrification compl\u00e8tes, [&hellip;]<\/p>\n","protected":false},"featured_media":0,"comment_status":"open","ping_status":"closed","template":"","meta":[],"product_brand":[],"product_cat":[78,81],"product_tag":[],"class_list":{"0":"post-2980","1":"product","2":"type-product","3":"status-publish","5":"product_cat-huile-moteur","6":"product_cat-huile-moto","8":"first","9":"instock","10":"shipping-taxable","11":"product-type-simple"},"_links":{"self":[{"href":"https:\/\/pardismotoroil.com\/fr\/wp-json\/wp\/v2\/product\/2980","targetHints":{"allow":["GET"]}}],"collection":[{"href":"https:\/\/pardismotoroil.com\/fr\/wp-json\/wp\/v2\/product"}],"about":[{"href":"https:\/\/pardismotoroil.com\/fr\/wp-json\/wp\/v2\/types\/product"}],"replies":[{"embeddable":true,"href":"https:\/\/pardismotoroil.com\/fr\/wp-json\/wp\/v2\/comments?post=2980"}],"wp:attachment":[{"href":"https:\/\/pardismotoroil.com\/fr\/wp-json\/wp\/v2\/media?parent=2980"}],"wp:term":[{"taxonomy":"product_brand","embeddable":true,"href":"https:\/\/pardismotoroil.com\/fr\/wp-json\/wp\/v2\/product_brand?post=2980"},{"taxonomy":"product_cat","embeddable":true,"href":"https:\/\/pardismotoroil.com\/fr\/wp-json\/wp\/v2\/product_cat?post=2980"},{"taxonomy":"product_tag","embeddable":true,"href":"https:\/\/pardismotoroil.com\/fr\/wp-json\/wp\/v2\/product_tag?post=2980"}],"curies":[{"name":"wp","href":"https:\/\/api.w.org\/{rel}","templated":true}]}}