{"id":2979,"date":"2024-09-27T20:14:31","date_gmt":"2024-09-27T20:14:31","guid":{"rendered":"https:\/\/pardismotoroil.com\/?post_type=product&#038;p=2979"},"modified":"2025-01-18T14:02:14","modified_gmt":"2025-01-18T14:02:14","slug":"motor-oil4temps-50-sf-cc","status":"publish","type":"product","link":"https:\/\/pardismotoroil.com\/fr\/produit\/motor-oil4temps-50-sf-cc\/","title":{"rendered":"MOTOR OIL(4TEMPS) 50 SF\/CC"},"content":{"rendered":"<p>Cette huile moteur est compos\u00e9e d\u2019une huile de base de haute qualit\u00e9 et des meilleurs additifs requis pour le niveau de qualit\u00e9 ci-dessus. Cette huile moteur convient aux moteurs \u00e0 essence et \u00e0 diesel avec le niveau de qualit\u00e9 mentionn\u00e9. Parmi les propri\u00e9t\u00e9s de cette huile figurent celles d\u2019anti-oxydation et une bonne stabilit\u00e9 thermique, de nettoyage pour r\u00e9duire les d\u00e9p\u00f4ts dus \u00e0 la combustion et \u00e0 l&rsquo;oxydation, d&rsquo;anti-abrasion pour contr\u00f4ler l&rsquo;\u00e9rosion des pi\u00e8ces du moteur, la neutralisation des acides due \u00e0 l&rsquo;oxydation et la combustion des pi\u00e8ces du moteur pour \u00e9viter corrosion.<\/p>\n<p><strong>\u00a0<\/strong><\/p>\n<p><strong>Application<\/strong>: Ce produit peut \u00eatre utilis\u00e9 dans tous les v\u00e9hicules \u00e0 essence et \u00e0 diesel en fonction du niveau de qualit\u00e9 recommand\u00e9 par le constructeur automobile.<\/p>\n","protected":false},"excerpt":{"rendered":"<p>Cette huile moteur est compos\u00e9e d\u2019une huile de base de haute qualit\u00e9 et des meilleurs additifs requis pour le niveau de qualit\u00e9 ci-dessus. Cette huile moteur convient aux moteurs \u00e0 essence et \u00e0 diesel avec le niveau de qualit\u00e9 mentionn\u00e9. Parmi les propri\u00e9t\u00e9s de cette huile figurent celles d\u2019anti-oxydation et une bonne stabilit\u00e9 thermique, de [&hellip;]<\/p>\n","protected":false},"featured_media":0,"comment_status":"open","ping_status":"closed","template":"","meta":[],"product_brand":[],"product_cat":[78,81],"product_tag":[],"class_list":{"0":"post-2979","1":"product","2":"type-product","3":"status-publish","5":"product_cat-huile-moteur","6":"product_cat-huile-moto","8":"first","9":"instock","10":"shipping-taxable","11":"product-type-simple"},"_links":{"self":[{"href":"https:\/\/pardismotoroil.com\/fr\/wp-json\/wp\/v2\/product\/2979","targetHints":{"allow":["GET"]}}],"collection":[{"href":"https:\/\/pardismotoroil.com\/fr\/wp-json\/wp\/v2\/product"}],"about":[{"href":"https:\/\/pardismotoroil.com\/fr\/wp-json\/wp\/v2\/types\/product"}],"replies":[{"embeddable":true,"href":"https:\/\/pardismotoroil.com\/fr\/wp-json\/wp\/v2\/comments?post=2979"}],"wp:attachment":[{"href":"https:\/\/pardismotoroil.com\/fr\/wp-json\/wp\/v2\/media?parent=2979"}],"wp:term":[{"taxonomy":"product_brand","embeddable":true,"href":"https:\/\/pardismotoroil.com\/fr\/wp-json\/wp\/v2\/product_brand?post=2979"},{"taxonomy":"product_cat","embeddable":true,"href":"https:\/\/pardismotoroil.com\/fr\/wp-json\/wp\/v2\/product_cat?post=2979"},{"taxonomy":"product_tag","embeddable":true,"href":"https:\/\/pardismotoroil.com\/fr\/wp-json\/wp\/v2\/product_tag?post=2979"}],"curies":[{"name":"wp","href":"https:\/\/api.w.org\/{rel}","templated":true}]}}