{"id":2977,"date":"2024-09-27T20:25:38","date_gmt":"2024-09-27T20:25:38","guid":{"rendered":"https:\/\/pardismotoroil.com\/?post_type=product&#038;p=2977"},"modified":"2025-01-18T14:00:36","modified_gmt":"2025-01-18T14:00:36","slug":"motor-oil-20w50-cd","status":"publish","type":"product","link":"https:\/\/pardismotoroil.com\/fr\/produit\/motor-oil-20w50-cd\/","title":{"rendered":"MOTOR OIL 20W50 CD"},"content":{"rendered":"<p>Ce produit est compos\u00e9 d\u2019une huile de base de haute qualit\u00e9 produite par la soci\u00e9t\u00e9 Pardis et des additifs de qualit\u00e9 sup\u00e9rieure. Cette huile conserve ses propri\u00e9t\u00e9s dans des conditions de fonctionnement difficiles et sous pression, et commence rapidement \u00e0 lubrifier le moteur par temps froid. Les caract\u00e9ristiques exceptionnelles de ce produit comprennent des propri\u00e9t\u00e9s antioxydantes et une bonne stabilit\u00e9 thermique, ainsi que des propri\u00e9t\u00e9s d\u2019anti-usure et d\u2019anti-corrosion. Ce produit prot\u00e8ge diff\u00e9rentes pi\u00e8ces sous pression et en minimise la corrosion et l&rsquo;usure. Il poss\u00e8de \u00e9galement une propri\u00e9t\u00e9 de nettoyage tr\u00e8s \u00e9lev\u00e9e.<\/p>\n<p><strong>Application:<\/strong>\u00a0Ce produit peut \u00eatre utilis\u00e9 dans les v\u00e9hicules diesel en fonction du niveau de qualit\u00e9 recommand\u00e9 par le constructeur automobile.<\/p>\n","protected":false},"excerpt":{"rendered":"<p>Ce produit est compos\u00e9 d\u2019une huile de base de haute qualit\u00e9 produite par la soci\u00e9t\u00e9 Pardis et des additifs de qualit\u00e9 sup\u00e9rieure. Cette huile conserve ses propri\u00e9t\u00e9s dans des conditions de fonctionnement difficiles et sous pression, et commence rapidement \u00e0 lubrifier le moteur par temps froid. Les caract\u00e9ristiques exceptionnelles de ce produit comprennent des propri\u00e9t\u00e9s [&hellip;]<\/p>\n","protected":false},"featured_media":1981,"comment_status":"open","ping_status":"closed","template":"","meta":[],"product_brand":[],"product_cat":[78,80],"product_tag":[],"class_list":{"0":"post-2977","1":"product","2":"type-product","3":"status-publish","4":"has-post-thumbnail","6":"product_cat-huile-moteur","7":"product_cat-huile-moteur-diesel","9":"first","10":"instock","11":"shipping-taxable","12":"product-type-simple"},"_links":{"self":[{"href":"https:\/\/pardismotoroil.com\/fr\/wp-json\/wp\/v2\/product\/2977","targetHints":{"allow":["GET"]}}],"collection":[{"href":"https:\/\/pardismotoroil.com\/fr\/wp-json\/wp\/v2\/product"}],"about":[{"href":"https:\/\/pardismotoroil.com\/fr\/wp-json\/wp\/v2\/types\/product"}],"replies":[{"embeddable":true,"href":"https:\/\/pardismotoroil.com\/fr\/wp-json\/wp\/v2\/comments?post=2977"}],"wp:featuredmedia":[{"embeddable":true,"href":"https:\/\/pardismotoroil.com\/fr\/wp-json\/wp\/v2\/media\/1981"}],"wp:attachment":[{"href":"https:\/\/pardismotoroil.com\/fr\/wp-json\/wp\/v2\/media?parent=2977"}],"wp:term":[{"taxonomy":"product_brand","embeddable":true,"href":"https:\/\/pardismotoroil.com\/fr\/wp-json\/wp\/v2\/product_brand?post=2977"},{"taxonomy":"product_cat","embeddable":true,"href":"https:\/\/pardismotoroil.com\/fr\/wp-json\/wp\/v2\/product_cat?post=2977"},{"taxonomy":"product_tag","embeddable":true,"href":"https:\/\/pardismotoroil.com\/fr\/wp-json\/wp\/v2\/product_tag?post=2977"}],"curies":[{"name":"wp","href":"https:\/\/api.w.org\/{rel}","templated":true}]}}