{"id":2976,"date":"2024-09-27T20:26:23","date_gmt":"2024-09-27T20:26:23","guid":{"rendered":"https:\/\/pardismotoroil.com\/?post_type=product&#038;p=2976"},"modified":"2025-01-18T14:00:08","modified_gmt":"2025-01-18T14:00:08","slug":"motor-oil-15w40-ci4-2","status":"publish","type":"product","link":"https:\/\/pardismotoroil.com\/fr\/produit\/motor-oil-15w40-ci4-2\/","title":{"rendered":"MOTOR OIL 15W40 CI4"},"content":{"rendered":"<p>Le produit ci-dessus est compos\u00e9 d&rsquo;une huile de base de haute qualit\u00e9 chez la soci\u00e9t\u00e9 Pardis et des additifs de haute qualit\u00e9 qui prot\u00e8gent le moteur de votre voiture par une lubrification compl\u00e8te. Cette huile moteur a une longue dur\u00e9e de fonctionnement dans des conditions intenses toutes les saisons). Les autres caract\u00e9ristiques de cette huile comprennent d&rsquo;excellentes propri\u00e9t\u00e9s d\u2019anti-usure et d\u2019anticorrosion, un excellent nettoyage et une suspension et une r\u00e9duction de la suie et des s\u00e9diments de la surface du moteur, une puissance de lubrification \u00e9lev\u00e9e \u00e0 basse temp\u00e9rature pour d\u00e9marrer. La grande capacit\u00e9 de ce produit est de pr\u00e9venir les effets ind\u00e9sirables caus\u00e9s par les acides produits par combustion interne. Sa haute r\u00e9sistance \u00e0 l&rsquo;oxydation et \u00e0 la chaleur sont d&rsquo;autres caract\u00e9ristiques exceptionnelles de ce produit.<\/p>\n<p><strong>\u00a0<\/strong><\/p>\n<p><strong>Application<\/strong>: ce produit peut \u00eatre utilis\u00e9 dans tous les v\u00e9hicules diesel avec un niveau de qualit\u00e9 CI4 bas\u00e9 sur le niveau de qualit\u00e9 recommand\u00e9 par le constructeur automobile.<\/p>\n","protected":false},"excerpt":{"rendered":"<p>Le produit ci-dessus est compos\u00e9 d&rsquo;une huile de base de haute qualit\u00e9 chez la soci\u00e9t\u00e9 Pardis et des additifs de haute qualit\u00e9 qui prot\u00e8gent le moteur de votre voiture par une lubrification compl\u00e8te. Cette huile moteur a une longue dur\u00e9e de fonctionnement dans des conditions intenses toutes les saisons). Les autres caract\u00e9ristiques de cette huile [&hellip;]<\/p>\n","protected":false},"featured_media":3192,"comment_status":"open","ping_status":"closed","template":"","meta":[],"product_brand":[],"product_cat":[78,80],"product_tag":[],"class_list":{"0":"post-2976","1":"product","2":"type-product","3":"status-publish","4":"has-post-thumbnail","6":"product_cat-huile-moteur","7":"product_cat-huile-moteur-diesel","9":"first","10":"instock","11":"shipping-taxable","12":"product-type-simple"},"_links":{"self":[{"href":"https:\/\/pardismotoroil.com\/fr\/wp-json\/wp\/v2\/product\/2976","targetHints":{"allow":["GET"]}}],"collection":[{"href":"https:\/\/pardismotoroil.com\/fr\/wp-json\/wp\/v2\/product"}],"about":[{"href":"https:\/\/pardismotoroil.com\/fr\/wp-json\/wp\/v2\/types\/product"}],"replies":[{"embeddable":true,"href":"https:\/\/pardismotoroil.com\/fr\/wp-json\/wp\/v2\/comments?post=2976"}],"wp:featuredmedia":[{"embeddable":true,"href":"https:\/\/pardismotoroil.com\/fr\/wp-json\/wp\/v2\/media\/3192"}],"wp:attachment":[{"href":"https:\/\/pardismotoroil.com\/fr\/wp-json\/wp\/v2\/media?parent=2976"}],"wp:term":[{"taxonomy":"product_brand","embeddable":true,"href":"https:\/\/pardismotoroil.com\/fr\/wp-json\/wp\/v2\/product_brand?post=2976"},{"taxonomy":"product_cat","embeddable":true,"href":"https:\/\/pardismotoroil.com\/fr\/wp-json\/wp\/v2\/product_cat?post=2976"},{"taxonomy":"product_tag","embeddable":true,"href":"https:\/\/pardismotoroil.com\/fr\/wp-json\/wp\/v2\/product_tag?post=2976"}],"curies":[{"name":"wp","href":"https:\/\/api.w.org\/{rel}","templated":true}]}}